{"id":16412,"date":"2023-03-22T15:39:18","date_gmt":"2023-03-22T15:39:18","guid":{"rendered":"http:\/\/violeta.electroinvest.me\/product\/spd-balance-shampoo-250ml\/"},"modified":"2023-03-22T15:39:18","modified_gmt":"2023-03-22T15:39:18","slug":"spd-balance-shampoo-250ml","status":"publish","type":"product","link":"https:\/\/lookbyvioleta.me\/me\/product\/spd-balance-shampoo-250ml\/","title":{"rendered":"SPD BALANCE  SHAMPOO 250ML"},"content":{"rendered":"<p><span data-sheets-value=\"{&quot;1&quot;:2,&quot;2&quot;:&quot;Za klijente sa osjetljivim vlasi\u0161tem kojima je potrebno svakodnevno nje\u017eno \u010di\u0161\u0107enje. Nje\u017eno njeguje vlasi\u0161te pH-om prilago\u0111enim ko\u017ei. Nje\u017ean sistem povr\u0161inski aktivnih i umiruju\u0107ih sastojaka  hidrira kosu i vlasi\u0161te bez daljnjeg isu\u0161ivanja. Sa LipidCode\u2122 Complex-om.&quot;}\" data-sheets-userformat=\"{&quot;2&quot;:12737,&quot;3&quot;:{&quot;1&quot;:0,&quot;3&quot;:1},&quot;9&quot;:1,&quot;10&quot;:1,&quot;11&quot;:4,&quot;15&quot;:&quot;Calibri&quot;,&quot;16&quot;:11}\">Za klijente sa osjetljivim vlasi\u0161tem kojima je potrebno svakodnevno nje\u017eno \u010di\u0161\u0107enje. Nje\u017eno njeguje vlasi\u0161te pH-om prilago\u0111enim ko\u017ei. Nje\u017ean sistem povr\u0161inski aktivnih i umiruju\u0107ih sastojaka hidrira kosu i vlasi\u0161te bez daljnjeg isu\u0161ivanja. Sa LipidCode\u2122 Complex-om.<\/span><\/p>\n<p>Aqua\/Water\/Eau, Sodium Laureth Sulfate, Sodium Lauryl Sulfate, PPG-2 Hydroxyethyl Coco\/Isostearamide, Sodium Chloride, Panthenol, Parfum\/Fragrance, Sodium Benzoate, Valine, Citric Acid, Sodium Citrate, Betaine, Salicylic Acid, Sodium Hydroxide, Tetrasodium EDTA, Methylparaben, Caffeine, Polyquaternium-10, Benzyl Salicylate, Propylene Glycol, Hexyl Cinnamal, Limonene, Alpha-Isomethyl Ionone, Niacinamide, Oleic Acid, Glyceryl Oleate, Salix Alba (Willow) Bark Extract, Propylparaben, Sodium Xylenesulfonate, Lecithin, Ascorbyl Palmitate, Tocopherol, Hydrogenated Palm Glycerides Citrate.<\/p>\n","protected":false},"excerpt":{"rendered":"<p><span data-sheets-value=\"{&quot;1&quot;:2,&quot;2&quot;:&quot;Za klijente sa osjetljivim vlasi\u0161tem kojima je potrebno svakodnevno nje\u017eno \u010di\u0161\u0107enje. Nje\u017eno njeguje vlasi\u0161te pH-om prilago\u0111enim ko\u017ei. Nje\u017ean sistem povr\u0161inski aktivnih i umiruju\u0107ih sastojaka  hidrira kosu i vlasi\u0161te bez daljnjeg isu\u0161ivanja. Sa LipidCode\u2122 Complex-om.&quot;}\" data-sheets-userformat=\"{&quot;2&quot;:12737,&quot;3&quot;:{&quot;1&quot;:0,&quot;3&quot;:1},&quot;9&quot;:1,&quot;10&quot;:1,&quot;11&quot;:4,&quot;15&quot;:&quot;Calibri&quot;,&quot;16&quot;:11}\">Za klijente sa osjetljivim vlasi\u0161tem kojima je potrebno svakodnevno nje\u017eno \u010di\u0161\u0107enje. Nje\u017eno njeguje vlasi\u0161te pH-om prilago\u0111enim ko\u017ei. Nje\u017ean sistem povr\u0161inski aktivnih i umiruju\u0107ih sastojaka hidrira kosu i vlasi\u0161te bez daljnjeg isu\u0161ivanja. Sa LipidCode\u2122 Complex-om.<\/span><\/p>\n","protected":false},"featured_media":16009,"comment_status":"open","ping_status":"closed","template":"","meta":{"ngg_post_thumbnail":0},"product_brand":[],"product_cat":[162],"product_tag":[],"class_list":{"0":"post-16412","1":"product","2":"type-product","3":"status-publish","4":"has-post-thumbnail","6":"product_cat-balans","7":"pa_size-250ml-me","9":"first","10":"instock","11":"shipping-taxable","12":"product-type-simple"},"_links":{"self":[{"href":"https:\/\/lookbyvioleta.me\/me\/wp-json\/wp\/v2\/product\/16412","targetHints":{"allow":["GET"]}}],"collection":[{"href":"https:\/\/lookbyvioleta.me\/me\/wp-json\/wp\/v2\/product"}],"about":[{"href":"https:\/\/lookbyvioleta.me\/me\/wp-json\/wp\/v2\/types\/product"}],"replies":[{"embeddable":true,"href":"https:\/\/lookbyvioleta.me\/me\/wp-json\/wp\/v2\/comments?post=16412"}],"wp:featuredmedia":[{"embeddable":true,"href":"https:\/\/lookbyvioleta.me\/me\/wp-json\/wp\/v2\/media\/16009"}],"wp:attachment":[{"href":"https:\/\/lookbyvioleta.me\/me\/wp-json\/wp\/v2\/media?parent=16412"}],"wp:term":[{"taxonomy":"product_brand","embeddable":true,"href":"https:\/\/lookbyvioleta.me\/me\/wp-json\/wp\/v2\/product_brand?post=16412"},{"taxonomy":"product_cat","embeddable":true,"href":"https:\/\/lookbyvioleta.me\/me\/wp-json\/wp\/v2\/product_cat?post=16412"},{"taxonomy":"product_tag","embeddable":true,"href":"https:\/\/lookbyvioleta.me\/me\/wp-json\/wp\/v2\/product_tag?post=16412"}],"curies":[{"name":"wp","href":"https:\/\/api.w.org\/{rel}","templated":true}]}}