{"id":16410,"date":"2023-03-22T15:40:32","date_gmt":"2023-03-22T15:40:32","guid":{"rendered":"http:\/\/violeta.electroinvest.me\/product\/spd-balance-mask-200ml\/"},"modified":"2023-03-22T15:40:32","modified_gmt":"2023-03-22T15:40:32","slug":"spd-balance-mask-200ml","status":"publish","type":"product","link":"https:\/\/lookbyvioleta.me\/me\/product\/spd-balance-mask-200ml\/","title":{"rendered":"SPD BALANCE MASK 200ML"},"content":{"rendered":"<p><span data-sheets-value=\"{&quot;1&quot;:2,&quot;2&quot;:&quot;Za klijente sa vrlo osjetljivim, suvim ili nadra\u017eenim vlasi\u0161tem koji \u017eele intenzivnu i dugotrajnu njegu. Intenzivna nedjeljna njega koja dubinski vla\u017ei vlasi\u0161te i  smiruje nelagodnost umiruju\u0107im sastojcima Dermacalm. Ja\u010da  za\u0161titnu barijeru ko\u017ee, a aktivni sastojci za njegu kose \u010dine  kosu mekom na dodir. Sa LipidCode\u2122 Complex-om.&quot;}\" data-sheets-userformat=\"{&quot;2&quot;:12737,&quot;3&quot;:{&quot;1&quot;:0,&quot;3&quot;:1},&quot;9&quot;:1,&quot;10&quot;:1,&quot;11&quot;:4,&quot;15&quot;:&quot;Calibri&quot;,&quot;16&quot;:11}\">Za klijente sa vrlo osjetljivim, suvim ili nadra\u017eenim vlasi\u0161tem koji \u017eele intenzivnu i dugotrajnu njegu. Intenzivna nedjeljna njega koja dubinski vla\u017ei vlasi\u0161te i smiruje nelagodnost umiruju\u0107im sastojcima Dermacalm. Ja\u010da za\u0161titnu barijeru ko\u017ee, a aktivni sastojci za njegu kose \u010dine kosu mekom na dodir. Sa LipidCode\u2122 Complex-om.<\/span><\/p>\n<p><span data-sheets-value=\"{&quot;1&quot;:2,&quot;2&quot;:&quot;Aqua\/Water\/Eau, Stearyl Alcohol, Behentrimonium Chloride, Cetyl Alcohol, Bis-Aminopropyl Dimethicone, Betaine, Oleic Acid, Panthenol, Isopropyl Alcohol, Benzyl Alcohol, Niacinamide, Phenoxyethanol, Valine, Parfum\/Fragrance, Glyceryl Oleate, Methylparaben, Propylparaben, Disodium EDTA, Caffeine, Propylene Glycol, Benzyl Salicylate, Hexyl Cinnamal, Citric Acid, Salix Alba (Willow) Bark Extract, Lecithin, Ascorbyl Palmitate, Tocopherol, Hydrogenated Palm Glycerides Citrate.&quot;}\" data-sheets-userformat=\"{&quot;2&quot;:12737,&quot;3&quot;:{&quot;1&quot;:0,&quot;3&quot;:1},&quot;9&quot;:1,&quot;10&quot;:1,&quot;11&quot;:4,&quot;15&quot;:&quot;Calibri&quot;,&quot;16&quot;:11}\">Aqua\/Water\/Eau, Stearyl Alcohol, Behentrimonium Chloride, Cetyl Alcohol, Bis-Aminopropyl Dimethicone, Betaine, Oleic Acid, Panthenol, Isopropyl Alcohol, Benzyl Alcohol, Niacinamide, Phenoxyethanol, Valine, Parfum\/Fragrance, Glyceryl Oleate, Methylparaben, Propylparaben, Disodium EDTA, Caffeine, Propylene Glycol, Benzyl Salicylate, Hexyl Cinnamal, Citric Acid, Salix Alba (Willow) Bark Extract, Lecithin, Ascorbyl Palmitate, Tocopherol, Hydrogenated Palm Glycerides Citrate.<\/span><\/p>\n","protected":false},"excerpt":{"rendered":"<p><span data-sheets-value=\"{&quot;1&quot;:2,&quot;2&quot;:&quot;Za klijente sa vrlo osjetljivim, suvim ili nadra\u017eenim vlasi\u0161tem koji \u017eele intenzivnu i dugotrajnu njegu. Intenzivna nedjeljna njega koja dubinski vla\u017ei vlasi\u0161te i  smiruje nelagodnost umiruju\u0107im sastojcima Dermacalm. Ja\u010da  za\u0161titnu barijeru ko\u017ee, a aktivni sastojci za njegu kose \u010dine  kosu mekom na dodir. Sa LipidCode\u2122 Complex-om.&quot;}\" data-sheets-userformat=\"{&quot;2&quot;:12737,&quot;3&quot;:{&quot;1&quot;:0,&quot;3&quot;:1},&quot;9&quot;:1,&quot;10&quot;:1,&quot;11&quot;:4,&quot;15&quot;:&quot;Calibri&quot;,&quot;16&quot;:11}\">Za klijente sa vrlo osjetljivim, suvim ili nadra\u017eenim vlasi\u0161tem koji \u017eele intenzivnu i dugotrajnu njegu. Intenzivna nedjeljna njega koja dubinski vla\u017ei vlasi\u0161te i smiruje nelagodnost umiruju\u0107im sastojcima Dermacalm. Ja\u010da za\u0161titnu barijeru ko\u017ee, a aktivni sastojci za njegu kose \u010dine kosu mekom na dodir. Sa LipidCode\u2122 Complex-om.<\/span><\/p>\n","protected":false},"featured_media":16008,"comment_status":"open","ping_status":"closed","template":"","meta":{"ngg_post_thumbnail":0},"product_brand":[],"product_cat":[162],"product_tag":[],"class_list":{"0":"post-16410","1":"product","2":"type-product","3":"status-publish","4":"has-post-thumbnail","6":"product_cat-balans","7":"pa_size-200ml-me","9":"first","10":"instock","11":"shipping-taxable","12":"product-type-simple"},"_links":{"self":[{"href":"https:\/\/lookbyvioleta.me\/me\/wp-json\/wp\/v2\/product\/16410","targetHints":{"allow":["GET"]}}],"collection":[{"href":"https:\/\/lookbyvioleta.me\/me\/wp-json\/wp\/v2\/product"}],"about":[{"href":"https:\/\/lookbyvioleta.me\/me\/wp-json\/wp\/v2\/types\/product"}],"replies":[{"embeddable":true,"href":"https:\/\/lookbyvioleta.me\/me\/wp-json\/wp\/v2\/comments?post=16410"}],"wp:featuredmedia":[{"embeddable":true,"href":"https:\/\/lookbyvioleta.me\/me\/wp-json\/wp\/v2\/media\/16008"}],"wp:attachment":[{"href":"https:\/\/lookbyvioleta.me\/me\/wp-json\/wp\/v2\/media?parent=16410"}],"wp:term":[{"taxonomy":"product_brand","embeddable":true,"href":"https:\/\/lookbyvioleta.me\/me\/wp-json\/wp\/v2\/product_brand?post=16410"},{"taxonomy":"product_cat","embeddable":true,"href":"https:\/\/lookbyvioleta.me\/me\/wp-json\/wp\/v2\/product_cat?post=16410"},{"taxonomy":"product_tag","embeddable":true,"href":"https:\/\/lookbyvioleta.me\/me\/wp-json\/wp\/v2\/product_tag?post=16410"}],"curies":[{"name":"wp","href":"https:\/\/api.w.org\/{rel}","templated":true}]}}