{"id":16408,"date":"2023-03-22T15:41:46","date_gmt":"2023-03-22T15:41:46","guid":{"rendered":"http:\/\/violeta.electroinvest.me\/product\/color-save-mask-200ml\/"},"modified":"2023-03-22T15:41:46","modified_gmt":"2023-03-22T15:41:46","slug":"color-save-mask-200ml","status":"publish","type":"product","link":"https:\/\/lookbyvioleta.me\/me\/product\/color-save-mask-200ml\/","title":{"rendered":"COLOR SAVE MASK 200ML"},"content":{"rendered":"<p><span data-sheets-value=\"{&quot;1&quot;:2,&quot;2&quot;:&quot;Za klijente sa farbanom kosom koja zahtjeva dodatnu njegu.nPogodno za sve boje kose, pramenove i izbjeljenu kosu.Maska intenzivno njeguje obojenu kosu i \u0161titi vlakna kose od daljnjih o\u0161te\u0107enja. Fibrachrome sastojci aktivno smanjuju blijedenje i promjene boje i osiguravaju da boja ostane svje\u017ea du\u017ee vrijeme. S LipidCode\u2122 Complexom.&quot;}\" data-sheets-userformat=\"{&quot;2&quot;:12737,&quot;3&quot;:{&quot;1&quot;:0,&quot;3&quot;:1},&quot;9&quot;:1,&quot;10&quot;:1,&quot;11&quot;:4,&quot;15&quot;:&quot;Calibri&quot;,&quot;16&quot;:11}\">Za klijente sa farbanom kosom koja zahtjeva dodatnu njegu.<br \/>\nPogodno za sve boje kose, pramenove i izbjeljenu kosu.Maska intenzivno njeguje obojenu kosu i \u0161titi vlakna kose od daljnjih o\u0161te\u0107enja. Fibrachrome sastojci aktivno smanjuju blijedenje i promjene boje i osiguravaju da boja ostane svje\u017ea du\u017ee vrijeme. S LipidCode\u2122 Complexom.<\/span><\/p>\n<p><span data-sheets-value=\"{&quot;1&quot;:2,&quot;2&quot;:&quot;Aqua\/Water\/Eau, Stearyl Alcohol, Cetyl Alcohol, Behenamidopropyl Dimethylamine, Oleic Acid, Glyceryl Oleate, Bis- Aminopropyl Dimethicone, Glutamic Acid, Parfum\/Fragrance, Benzyl Alcohol, Panthenol, Octocrylene, Phenoxyethanol, Propylene Glycol, Methylparaben, Propylparaben, Caffeine, Cera Alba\/Beeswax\/Cire d'abeille, EDTA, Benzyl Salicylate, Alpha- Isomethyl Ionone, Citric Acid, Histidine, Sodium Chloride, Hexyl Cinnamal, Limonene, Olea Europaea (Olive) Leaf Extract, Polyquaternium-7, Sodium Benzoate, Lecithin, Ascorbyl Palmitate, Tocopherol, Hydrogenated Palm Glycerides Citrate, BHT.&quot;}\" data-sheets-userformat=\"{&quot;2&quot;:12737,&quot;3&quot;:{&quot;1&quot;:0,&quot;3&quot;:1},&quot;9&quot;:1,&quot;10&quot;:1,&quot;11&quot;:4,&quot;15&quot;:&quot;Calibri&quot;,&quot;16&quot;:11}\">Aqua\/Water\/Eau, Stearyl Alcohol, Cetyl Alcohol, Behenamidopropyl Dimethylamine, Oleic Acid, Glyceryl Oleate, Bis- Aminopropyl Dimethicone, Glutamic Acid, Parfum\/Fragrance, Benzyl Alcohol, Panthenol, Octocrylene, Phenoxyethanol, Propylene Glycol, Methylparaben, Propylparaben, Caffeine, Cera Alba\/Beeswax\/Cire d&#8217;abeille, EDTA, Benzyl Salicylate, Alpha- Isomethyl Ionone, Citric Acid, Histidine, Sodium Chloride, Hexyl Cinnamal, Limonene, Olea Europaea (Olive) Leaf Extract, Polyquaternium-7, Sodium Benzoate, Lecithin, Ascorbyl Palmitate, Tocopherol, Hydrogenated Palm Glycerides Citrate, BHT.<\/span><\/p>\n","protected":false},"excerpt":{"rendered":"<p><span data-sheets-value=\"{&quot;1&quot;:2,&quot;2&quot;:&quot;Za klijente sa farbanom kosom koja zahtjeva dodatnu njegu.nPogodno za sve boje kose, pramenove i izbjeljenu kosu.Maska intenzivno njeguje obojenu kosu i \u0161titi vlakna kose od daljnjih o\u0161te\u0107enja. Fibrachrome sastojci aktivno smanjuju blijedenje i promjene boje i osiguravaju da boja ostane svje\u017ea du\u017ee vrijeme. S LipidCode\u2122 Complexom.&quot;}\" data-sheets-userformat=\"{&quot;2&quot;:12737,&quot;3&quot;:{&quot;1&quot;:0,&quot;3&quot;:1},&quot;9&quot;:1,&quot;10&quot;:1,&quot;11&quot;:4,&quot;15&quot;:&quot;Calibri&quot;,&quot;16&quot;:11}\">Za klijente sa farbanom kosom koja zahtjeva dodatnu njegu.<br \/>\nPogodno za sve boje kose, pramenove i izbjeljenu kosu.Maska intenzivno njeguje obojenu kosu i \u0161titi vlakna kose od daljnjih o\u0161te\u0107enja.\u00a0<\/span><\/p>\n","protected":false},"featured_media":16007,"comment_status":"open","ping_status":"closed","template":"","meta":{"ngg_post_thumbnail":0},"product_brand":[],"product_cat":[163],"product_tag":[],"class_list":{"0":"post-16408","1":"product","2":"type-product","3":"status-publish","4":"has-post-thumbnail","6":"product_cat-color-save-me","7":"pa_size-250ml-me","9":"first","10":"instock","11":"shipping-taxable","12":"product-type-simple"},"_links":{"self":[{"href":"https:\/\/lookbyvioleta.me\/me\/wp-json\/wp\/v2\/product\/16408","targetHints":{"allow":["GET"]}}],"collection":[{"href":"https:\/\/lookbyvioleta.me\/me\/wp-json\/wp\/v2\/product"}],"about":[{"href":"https:\/\/lookbyvioleta.me\/me\/wp-json\/wp\/v2\/types\/product"}],"replies":[{"embeddable":true,"href":"https:\/\/lookbyvioleta.me\/me\/wp-json\/wp\/v2\/comments?post=16408"}],"wp:featuredmedia":[{"embeddable":true,"href":"https:\/\/lookbyvioleta.me\/me\/wp-json\/wp\/v2\/media\/16007"}],"wp:attachment":[{"href":"https:\/\/lookbyvioleta.me\/me\/wp-json\/wp\/v2\/media?parent=16408"}],"wp:term":[{"taxonomy":"product_brand","embeddable":true,"href":"https:\/\/lookbyvioleta.me\/me\/wp-json\/wp\/v2\/product_brand?post=16408"},{"taxonomy":"product_cat","embeddable":true,"href":"https:\/\/lookbyvioleta.me\/me\/wp-json\/wp\/v2\/product_cat?post=16408"},{"taxonomy":"product_tag","embeddable":true,"href":"https:\/\/lookbyvioleta.me\/me\/wp-json\/wp\/v2\/product_tag?post=16408"}],"curies":[{"name":"wp","href":"https:\/\/api.w.org\/{rel}","templated":true}]}}