{"id":16406,"date":"2023-03-22T15:46:13","date_gmt":"2023-03-22T15:46:13","guid":{"rendered":"http:\/\/violeta.electroinvest.me\/product\/color-save-shampoo-250ml\/"},"modified":"2023-03-22T15:46:13","modified_gmt":"2023-03-22T15:46:13","slug":"color-save-shampoo-250ml","status":"publish","type":"product","link":"https:\/\/lookbyvioleta.me\/me\/product\/color-save-shampoo-250ml\/","title":{"rendered":"COLOR SAVE SHAMPOO 250ML"},"content":{"rendered":"<p>Za farbanu kosu. Ovaj \u0161ampon osigurava du\u017eu postojanost sjajne boje, a tako\u0111e \u0161titi keratinsku strukturu kose smanjuju\u0107i slobodne radikale prisutne u vodi iz slavine. Sprje\u010dava blijedenje ili promjenu boje i dugo odr\u017eava svje\u017e izgled. Sa LipidCode\u2122 Complexom.<\/p>\n<p>&nbsp;<\/p>\n<p><span data-sheets-value=\"{&quot;1&quot;:2,&quot;2&quot;:&quot;Aqua\/Water\/Eau, Sodium Lauryl Sulfate, Sodium Laureth Sulfate, Cocamidopropyl Betaine, Glycol Distearate, Dimethicone, Cocamide MEA, Parfum\/Fragrance, Sodium Benzoate, Panthenol, Propylene Glycol, Sodium Chloride, Octocrylene, Salicylic Acid, Citric Acid, Glycerin, Tetrasodium EDTA, Trisodium Ethylenediamine Disuccinate, Methylparaben, Caffeine, Cera Alba\/ Beeswax\/Cire d'abeille, Histidine, Polyquaternium-6, Sodium Hydroxide, Benzyl Salicylate, Alpha-Isomethyl Ionone, Glyoxylic Acid, Hexyl Cinnamal, Limonene, Olea Europaea (Olive) Leaf Extract, Polyquaternium-7, Oleic Acid, Glyceryl Oleate, Magnesium Nitrate, Propylparaben, BHT, Methylchloroisothiazolinone, Magnesium Chloride, Sodium Citrate, Methylisothiazolinone, Sodium Xylenesulfonate, Lecithin, Ascorbyl Palmitate, Tocopherol, Hydrogenated Palm Glycerides Citrate.&quot;}\" data-sheets-userformat=\"{&quot;2&quot;:12737,&quot;3&quot;:{&quot;1&quot;:0,&quot;3&quot;:1},&quot;9&quot;:1,&quot;10&quot;:1,&quot;11&quot;:4,&quot;15&quot;:&quot;Calibri&quot;,&quot;16&quot;:11}\">Aqua\/Water\/Eau, Sodium Lauryl Sulfate, Sodium Laureth Sulfate, Cocamidopropyl Betaine, Glycol Distearate, Dimethicone, Cocamide MEA, Parfum\/Fragrance, Sodium Benzoate, Panthenol, Propylene Glycol, Sodium Chloride, Octocrylene, Salicylic Acid, Citric Acid, Glycerin, Tetrasodium EDTA, Trisodium Ethylenediamine Disuccinate, Methylparaben, Caffeine, Cera Alba\/ Beeswax\/Cire d&#8217;abeille, Histidine, Polyquaternium-6, Sodium Hydroxide, Benzyl Salicylate, Alpha-Isomethyl Ionone, Glyoxylic Acid, Hexyl Cinnamal, Limonene, Olea Europaea (Olive) Leaf Extract, Polyquaternium-7, Oleic Acid, Glyceryl Oleate, Magnesium Nitrate, Propylparaben, BHT, Methylchloroisothiazolinone, Magnesium Chloride, Sodium Citrate, Methylisothiazolinone, Sodium Xylenesulfonate, Lecithin, Ascorbyl Palmitate, Tocopherol, Hydrogenated Palm Glycerides Citrate.<\/span><\/p>\n","protected":false},"excerpt":{"rendered":"<p>Za farbanu kosu. Ovaj \u0161ampon osigurava du\u017eu postojanost sjajne boje, a tako\u0111e \u0161titi keratinsku strukturu kose smanjuju\u0107i slobodne radikale prisutne u vodi iz slavine. Sprje\u010dava blijedenje ili promjenu boje i dugo odr\u017eava svje\u017e izgled. Sa LipidCode\u2122 Complexom.<\/p>\n","protected":false},"featured_media":16005,"comment_status":"open","ping_status":"closed","template":"","meta":{"ngg_post_thumbnail":0},"product_brand":[],"product_cat":[163],"product_tag":[],"class_list":{"0":"post-16406","1":"product","2":"type-product","3":"status-publish","4":"has-post-thumbnail","6":"product_cat-color-save-me","7":"pa_size-250ml-me","9":"first","10":"instock","11":"shipping-taxable","12":"product-type-simple"},"_links":{"self":[{"href":"https:\/\/lookbyvioleta.me\/me\/wp-json\/wp\/v2\/product\/16406","targetHints":{"allow":["GET"]}}],"collection":[{"href":"https:\/\/lookbyvioleta.me\/me\/wp-json\/wp\/v2\/product"}],"about":[{"href":"https:\/\/lookbyvioleta.me\/me\/wp-json\/wp\/v2\/types\/product"}],"replies":[{"embeddable":true,"href":"https:\/\/lookbyvioleta.me\/me\/wp-json\/wp\/v2\/comments?post=16406"}],"wp:featuredmedia":[{"embeddable":true,"href":"https:\/\/lookbyvioleta.me\/me\/wp-json\/wp\/v2\/media\/16005"}],"wp:attachment":[{"href":"https:\/\/lookbyvioleta.me\/me\/wp-json\/wp\/v2\/media?parent=16406"}],"wp:term":[{"taxonomy":"product_brand","embeddable":true,"href":"https:\/\/lookbyvioleta.me\/me\/wp-json\/wp\/v2\/product_brand?post=16406"},{"taxonomy":"product_cat","embeddable":true,"href":"https:\/\/lookbyvioleta.me\/me\/wp-json\/wp\/v2\/product_cat?post=16406"},{"taxonomy":"product_tag","embeddable":true,"href":"https:\/\/lookbyvioleta.me\/me\/wp-json\/wp\/v2\/product_tag?post=16406"}],"curies":[{"name":"wp","href":"https:\/\/api.w.org\/{rel}","templated":true}]}}