{"id":16404,"date":"2023-03-22T15:48:34","date_gmt":"2023-03-22T15:48:34","guid":{"rendered":"http:\/\/violeta.electroinvest.me\/product\/hydrate-quenching-mist-125ml\/"},"modified":"2023-03-22T15:48:34","modified_gmt":"2023-03-22T15:48:34","slug":"hydrate-quenching-mist-125ml","status":"publish","type":"product","link":"https:\/\/lookbyvioleta.me\/me\/product\/hydrate-quenching-mist-125ml\/","title":{"rendered":"HYDRATE QUENCHING MIST 125ML"},"content":{"rendered":"<p>Za normalnu i suvu kosu. Dnevni sprej za ra\u0161\u010de\u0161ljavanje mo\u017eete koristiti kao dio bilo koje njege za zadr\u017eavanje hidratacije. Neposredni u\u010dinak je da kosa postaje mek\u0161a i lak\u0161e se ra\u0161\u010de\u0161ljava, a istovremeno je svilenkasta i nije optere\u0107ena.<\/p>\n<p><span data-sheets-value=\"{&quot;1&quot;:2,&quot;2&quot;:&quot;Water\/Eau\/Aqua, Alcohol Denat., Cetyl Alcohol, Panthenol, Glycerin, Cetrimonium Chloride, Fragrance\/Parfum, Polyquaternium-10, Isopropyl Alcohol, Ethylhexyl Methoxycinnamate, Hexylene Glycol, Benzyl Salicylate, Hexyl Cinnamal, Glucose, Fructose, Limonene, Geraniol, Urea, Sucrose, Dextrin, Hexyl Nicotinate, Glutamic Acid, Aspartic Acid, Alanine&quot;}\" data-sheets-userformat=\"{&quot;2&quot;:12737,&quot;3&quot;:{&quot;1&quot;:0,&quot;3&quot;:1},&quot;9&quot;:1,&quot;10&quot;:1,&quot;11&quot;:4,&quot;15&quot;:&quot;Calibri&quot;,&quot;16&quot;:11}\">Water\/Eau\/Aqua, Alcohol Denat., Cetyl Alcohol, Panthenol, Glycerin, Cetrimonium Chloride, Fragrance\/Parfum, Polyquaternium-10, Isopropyl Alcohol, Ethylhexyl Methoxycinnamate, Hexylene Glycol, Benzyl Salicylate, Hexyl Cinnamal, Glucose, Fructose, Limonene, Geraniol, Urea, Sucrose, Dextrin, Hexyl Nicotinate, Glutamic Acid, Aspartic Acid, Alanine<\/span><\/p>\n","protected":false},"excerpt":{"rendered":"<p>Za normalnu i suvu kosu. Dnevni sprej za ra\u0161\u010de\u0161ljavanje mo\u017eete koristiti kao dio bilo koje njege za zadr\u017eavanje hidratacije. Neposredni u\u010dinak je da kosa postaje mek\u0161a i lak\u0161e se ra\u0161\u010de\u0161ljava, a istovremeno je svilenkasta i nije optere\u0107ena.<\/p>\n","protected":false},"featured_media":16004,"comment_status":"open","ping_status":"closed","template":"","meta":{"ngg_post_thumbnail":0},"product_brand":[],"product_cat":[165],"product_tag":[],"class_list":{"0":"post-16404","1":"product","2":"type-product","3":"status-publish","4":"has-post-thumbnail","6":"product_cat-hidrati","7":"pa_size-125ml-me","9":"first","10":"instock","11":"shipping-taxable","12":"product-type-simple"},"_links":{"self":[{"href":"https:\/\/lookbyvioleta.me\/me\/wp-json\/wp\/v2\/product\/16404","targetHints":{"allow":["GET"]}}],"collection":[{"href":"https:\/\/lookbyvioleta.me\/me\/wp-json\/wp\/v2\/product"}],"about":[{"href":"https:\/\/lookbyvioleta.me\/me\/wp-json\/wp\/v2\/types\/product"}],"replies":[{"embeddable":true,"href":"https:\/\/lookbyvioleta.me\/me\/wp-json\/wp\/v2\/comments?post=16404"}],"wp:featuredmedia":[{"embeddable":true,"href":"https:\/\/lookbyvioleta.me\/me\/wp-json\/wp\/v2\/media\/16004"}],"wp:attachment":[{"href":"https:\/\/lookbyvioleta.me\/me\/wp-json\/wp\/v2\/media?parent=16404"}],"wp:term":[{"taxonomy":"product_brand","embeddable":true,"href":"https:\/\/lookbyvioleta.me\/me\/wp-json\/wp\/v2\/product_brand?post=16404"},{"taxonomy":"product_cat","embeddable":true,"href":"https:\/\/lookbyvioleta.me\/me\/wp-json\/wp\/v2\/product_cat?post=16404"},{"taxonomy":"product_tag","embeddable":true,"href":"https:\/\/lookbyvioleta.me\/me\/wp-json\/wp\/v2\/product_tag?post=16404"}],"curies":[{"name":"wp","href":"https:\/\/api.w.org\/{rel}","templated":true}]}}