{"id":16402,"date":"2023-03-22T15:49:50","date_gmt":"2023-03-22T15:49:50","guid":{"rendered":"http:\/\/violeta.electroinvest.me\/product\/hydrate-conditioner-200-ml\/"},"modified":"2023-03-22T15:49:50","modified_gmt":"2023-03-22T15:49:50","slug":"hydrate-conditioner-200-ml","status":"publish","type":"product","link":"https:\/\/lookbyvioleta.me\/me\/product\/hydrate-conditioner-200-ml\/","title":{"rendered":"HYDRATE CONDITIONER 200 ML"},"content":{"rendered":"<p>Mekoc\u0301a, hidratacija i trenutno lako ra\u0161\u010de\u0161ljavanje. Idealno za ra\u0161\u010de\u0161ljavanje duge kose. Dnevni kremasti regenerator hidrira kosu i sprje\u010dava isu\u0161ivanje. Lagana formula prikladna je za sve teksture kose bez dodavanja te\u017eine. Sa LipidCode\u2122 Complexom.<\/p>\n<p><span data-sheets-value=\"{&quot;1&quot;:2,&quot;2&quot;:&quot;Aqua\/Water\/Eau, Cetyl Alcohol, Stearamidopropyl Dimethylamine, Glycerin, Oleic Acid, Stearyl Alcohol, Quaternium-18, Parfum\/Fragrance, Panthenol, Benzyl Alcohol, Phenoxyethanol, Cetearyl Alcohol, Hydroxypropyl Guar, Bis-Aminopropyl Dimethicone, Glyceryl Stearate SE, Oleyl Alcohol, Methylparaben, Propylparaben, Polysorbate 60, Glyceryl Oleate, Caffeine, EDTA, Citric Acid, Benzyl Salicylate, Histidine, Hexylene Glycol, Hexyl Cinnamal, Limonene, Fructose, Glucose, Dextrin, Sucrose, Urea, Yellow 5 (CI 19140), Alanine, Aspartic Acid, Glutamic Acid, Hexyl Nicotinate, Red 33 (CI 17200), Lecithin, Ascorbyl Palmitate, Tocopherol, Hydrogenated Palm Glycerides Citrate, BHT.&quot;}\" data-sheets-userformat=\"{&quot;2&quot;:12737,&quot;3&quot;:{&quot;1&quot;:0,&quot;3&quot;:1},&quot;9&quot;:1,&quot;10&quot;:1,&quot;11&quot;:4,&quot;15&quot;:&quot;Calibri&quot;,&quot;16&quot;:11}\">Aqua\/Water\/Eau, Cetyl Alcohol, Stearamidopropyl Dimethylamine, Glycerin, Oleic Acid, Stearyl Alcohol, Quaternium-18, Parfum\/Fragrance, Panthenol, Benzyl Alcohol, Phenoxyethanol, Cetearyl Alcohol, Hydroxypropyl Guar, Bis-Aminopropyl Dimethicone, Glyceryl Stearate SE, Oleyl Alcohol, Methylparaben, Propylparaben, Polysorbate 60, Glyceryl Oleate, Caffeine, EDTA, Citric Acid, Benzyl Salicylate, Histidine, Hexylene Glycol, Hexyl Cinnamal, Limonene, Fructose, Glucose, Dextrin, Sucrose, Urea, Yellow 5 (CI 19140), Alanine, Aspartic Acid, Glutamic Acid, Hexyl Nicotinate, Red 33 (CI 17200), Lecithin, Ascorbyl Palmitate, Tocopherol, Hydrogenated Palm Glycerides Citrate, BHT.<\/span><\/p>\n","protected":false},"excerpt":{"rendered":"<p>Mekoc\u0301a, hidratacija i trenutno lako ra\u0161\u010de\u0161ljavanje. Idealno za ra\u0161\u010de\u0161ljavanje duge kose. Dnevni kremasti regenerator hidrira kosu i sprje\u010dava isu\u0161ivanje. Lagana formula prikladna je za sve teksture kose bez dodavanja te\u017eine. Sa LipidCode\u2122 Complexom.<\/p>\n","protected":false},"featured_media":16006,"comment_status":"open","ping_status":"closed","template":"","meta":{"ngg_post_thumbnail":0},"product_brand":[],"product_cat":[165],"product_tag":[],"class_list":{"0":"post-16402","1":"product","2":"type-product","3":"status-publish","4":"has-post-thumbnail","6":"product_cat-hidrati","7":"pa_size-200ml-me","9":"first","10":"instock","11":"shipping-taxable","12":"product-type-simple"},"_links":{"self":[{"href":"https:\/\/lookbyvioleta.me\/me\/wp-json\/wp\/v2\/product\/16402","targetHints":{"allow":["GET"]}}],"collection":[{"href":"https:\/\/lookbyvioleta.me\/me\/wp-json\/wp\/v2\/product"}],"about":[{"href":"https:\/\/lookbyvioleta.me\/me\/wp-json\/wp\/v2\/types\/product"}],"replies":[{"embeddable":true,"href":"https:\/\/lookbyvioleta.me\/me\/wp-json\/wp\/v2\/comments?post=16402"}],"wp:featuredmedia":[{"embeddable":true,"href":"https:\/\/lookbyvioleta.me\/me\/wp-json\/wp\/v2\/media\/16006"}],"wp:attachment":[{"href":"https:\/\/lookbyvioleta.me\/me\/wp-json\/wp\/v2\/media?parent=16402"}],"wp:term":[{"taxonomy":"product_brand","embeddable":true,"href":"https:\/\/lookbyvioleta.me\/me\/wp-json\/wp\/v2\/product_brand?post=16402"},{"taxonomy":"product_cat","embeddable":true,"href":"https:\/\/lookbyvioleta.me\/me\/wp-json\/wp\/v2\/product_cat?post=16402"},{"taxonomy":"product_tag","embeddable":true,"href":"https:\/\/lookbyvioleta.me\/me\/wp-json\/wp\/v2\/product_tag?post=16402"}],"curies":[{"name":"wp","href":"https:\/\/api.w.org\/{rel}","templated":true}]}}