{"id":16398,"date":"2023-03-22T15:51:48","date_gmt":"2023-03-22T15:51:48","guid":{"rendered":"http:\/\/violeta.electroinvest.me\/product\/hydrate-mask-200ml\/"},"modified":"2023-03-22T15:51:48","modified_gmt":"2023-03-22T15:51:48","slug":"hydrate-mask-200ml","status":"publish","type":"product","link":"https:\/\/lookbyvioleta.me\/me\/product\/hydrate-mask-200ml\/","title":{"rendered":"HYDRATE MASK 200ML"},"content":{"rendered":"<p>Vra\u0107a izgubljenu vlagu suvoj i normalnoj kosi. Idealno za kosu koju je te\u0161ko ra\u0161\u010de\u0161ljati. Maska iz linije Hydrate duboko hidrira vlakna kose za dugoro\u010dnu fleksibilnost i kosu koja se lak\u0161e ra\u0161\u010de\u0161ljava. Sa LipidCode\u2122TM Complexom.<\/p>\n<p>&nbsp;<\/p>\n<p><span data-sheets-value=\"{&quot;1&quot;:2,&quot;2&quot;:&quot;Aqua\/Water\/Eau, Stearyl Alcohol, Cetyl Alcohol, Glycerin, Stearamidopropyl Dimethylamine, Oleic Acid, Parfum\/Fragrance, Panthenol, Dimethicone, Benzyl Alcohol, Phenoxyethanol, Dicetyldimonium Chloride, Glutamic Acid, Bis-Aminopropyl Dimethicone, Glyceryl Oleate, Methylparaben, Propylparaben, Propylene Glycol, Caffeine, EDTA, Benzyl Salicylate, Histidine, Hexylene Glycol, Hexyl Cinnamal, Sodium Chloride, Limonene, Fructose, Glucose, Citric Acid, Dextrin, Sucrose, Urea, Yellow 5 (CI 19140), Alanine, Aspartic Acid, Hexyl Nicotinate, Red 33 (CI 17200), Lecithin, Ascorbyl Palmitate, Tocopherol, Hydrogenated Palm Glycerides Citrate, BHT.&quot;}\" data-sheets-userformat=\"{&quot;2&quot;:12737,&quot;3&quot;:{&quot;1&quot;:0,&quot;3&quot;:1},&quot;9&quot;:1,&quot;10&quot;:1,&quot;11&quot;:4,&quot;15&quot;:&quot;Calibri&quot;,&quot;16&quot;:11}\">Aqua\/Water\/Eau, Stearyl Alcohol, Cetyl Alcohol, Glycerin, Stearamidopropyl Dimethylamine, Oleic Acid, Parfum\/Fragrance, Panthenol, Dimethicone, Benzyl Alcohol, Phenoxyethanol, Dicetyldimonium Chloride, Glutamic Acid, Bis-Aminopropyl Dimethicone, Glyceryl Oleate, Methylparaben, Propylparaben, Propylene Glycol, Caffeine, EDTA, Benzyl Salicylate, Histidine, Hexylene Glycol, Hexyl Cinnamal, Sodium Chloride, Limonene, Fructose, Glucose, Citric Acid, Dextrin, Sucrose, Urea, Yellow 5 (CI 19140), Alanine, Aspartic Acid, Hexyl Nicotinate, Red 33 (CI 17200), Lecithin, Ascorbyl Palmitate, Tocopherol, Hydrogenated Palm Glycerides Citrate, BHT.<\/span><\/p>\n","protected":false},"excerpt":{"rendered":"<p>Vra\u0107a izgubljenu vlagu suvoj i normalnoj kosi. Idealno za kosu koju je te\u0161ko ra\u0161\u010de\u0161ljati. Maska iz linije Hydrate duboko hidrira vlakna kose za dugoro\u010dnu fleksibilnost i kosu koja se lak\u0161e ra\u0161\u010de\u0161ljava. Sa LipidCode\u2122TM Complexom.<\/p>\n","protected":false},"featured_media":16001,"comment_status":"open","ping_status":"closed","template":"","meta":{"ngg_post_thumbnail":0},"product_brand":[],"product_cat":[165],"product_tag":[],"class_list":{"0":"post-16398","1":"product","2":"type-product","3":"status-publish","4":"has-post-thumbnail","6":"product_cat-hidrati","7":"pa_size-200ml-me","9":"first","10":"instock","11":"shipping-taxable","12":"product-type-simple"},"_links":{"self":[{"href":"https:\/\/lookbyvioleta.me\/me\/wp-json\/wp\/v2\/product\/16398","targetHints":{"allow":["GET"]}}],"collection":[{"href":"https:\/\/lookbyvioleta.me\/me\/wp-json\/wp\/v2\/product"}],"about":[{"href":"https:\/\/lookbyvioleta.me\/me\/wp-json\/wp\/v2\/types\/product"}],"replies":[{"embeddable":true,"href":"https:\/\/lookbyvioleta.me\/me\/wp-json\/wp\/v2\/comments?post=16398"}],"wp:featuredmedia":[{"embeddable":true,"href":"https:\/\/lookbyvioleta.me\/me\/wp-json\/wp\/v2\/media\/16001"}],"wp:attachment":[{"href":"https:\/\/lookbyvioleta.me\/me\/wp-json\/wp\/v2\/media?parent=16398"}],"wp:term":[{"taxonomy":"product_brand","embeddable":true,"href":"https:\/\/lookbyvioleta.me\/me\/wp-json\/wp\/v2\/product_brand?post=16398"},{"taxonomy":"product_cat","embeddable":true,"href":"https:\/\/lookbyvioleta.me\/me\/wp-json\/wp\/v2\/product_cat?post=16398"},{"taxonomy":"product_tag","embeddable":true,"href":"https:\/\/lookbyvioleta.me\/me\/wp-json\/wp\/v2\/product_tag?post=16398"}],"curies":[{"name":"wp","href":"https:\/\/api.w.org\/{rel}","templated":true}]}}