{"id":16396,"date":"2023-03-22T15:53:00","date_gmt":"2023-03-22T15:53:00","guid":{"rendered":"http:\/\/violeta.electroinvest.me\/product\/luxeoil-keratin-restore-mask-200ml\/"},"modified":"2023-03-22T15:53:00","modified_gmt":"2023-03-22T15:53:00","slug":"luxeoil-keratin-restore-mask-200ml","status":"publish","type":"product","link":"https:\/\/lookbyvioleta.me\/me\/product\/luxeoil-keratin-restore-mask-200ml\/","title":{"rendered":"LUXEOIL KERATIN RESTORE MASK 200ML"},"content":{"rendered":"<p>Za sve tipove kose i skalpa. Odmah obnavlja kosu, zna\u010dajno pobolj\u0161ava strukturu i \u010dini je luksuzno mekom na dodir. Ova jedinstvena maska kombinuje izvrsne u\u010dinke transformacije s hranljivom i obnavljaju\u0107om njegom kose koja uljep\u0161ava od korijena do vrhova. Sa LipidCode\u2122 Complexom.<\/p>\n<p><span data-sheets-value=\"{&quot;1&quot;:2,&quot;2&quot;:&quot;Aqua\/Water\/Eau, Stearyl Alcohol, Behentrimonium Chloride, Cetyl Alcohol, Bis-Aminopropyl Dimethicone, Betaine, Oleic Acid, Panthenol, Isopropyl Alcohol, Benzyl Alcohol, Phenoxyethanol, Valine, Parfum\/Fragrance, Glyceryl Oleate, Methylparaben, Propylparaben, Disodium EDTA, Caffeine, Histidine, Amyl Cinnamal, Hexyl Cinnamal, Linalool, Argania Spinosa Kernel Oil, Citric Acid, Prunus Amygdalus Dulcis (Sweet Almond) Oil, Simmondsia Chinensis (Jojoba) Seed Oil, Yellow 5 (CI 19140), Lecithin, Ascorbyl Palmitate, Tocopherol, BHT, Red 33 (CI 17200), Hydrogenated Palm Glycerides Citrate.&quot;}\" data-sheets-userformat=\"{&quot;2&quot;:12737,&quot;3&quot;:{&quot;1&quot;:0,&quot;3&quot;:1},&quot;9&quot;:1,&quot;10&quot;:1,&quot;11&quot;:4,&quot;15&quot;:&quot;Calibri&quot;,&quot;16&quot;:11}\">Aqua\/Water\/Eau, Stearyl Alcohol, Behentrimonium Chloride, Cetyl Alcohol, Bis-Aminopropyl Dimethicone, Betaine, Oleic Acid, Panthenol, Isopropyl Alcohol, Benzyl Alcohol, Phenoxyethanol, Valine, Parfum\/Fragrance, Glyceryl Oleate, Methylparaben, Propylparaben, Disodium EDTA, Caffeine, Histidine, Amyl Cinnamal, Hexyl Cinnamal, Linalool, Argania Spinosa Kernel Oil, Citric Acid, Prunus Amygdalus Dulcis (Sweet Almond) Oil, Simmondsia Chinensis (Jojoba) Seed Oil, Yellow 5 (CI 19140), Lecithin, Ascorbyl Palmitate, Tocopherol, BHT, Red 33 (CI 17200), Hydrogenated Palm Glycerides Citrate.<\/span><\/p>\n","protected":false},"excerpt":{"rendered":"<p>Za sve tipove kose i skalpa. Odmah obnavlja kosu, zna\u010dajno pobolj\u0161ava strukturu i \u010dini je luksuzno mekom na dodir. Ova jedinstvena maska kombinuje izvrsne u\u010dinke transformacije s hranljivom i obnavljaju\u0107om njegom kose koja uljep\u0161ava od korijena do vrhova. Sa LipidCode\u2122 Complexom.<\/p>\n","protected":false},"featured_media":16002,"comment_status":"open","ping_status":"closed","template":"","meta":{"ngg_post_thumbnail":0},"product_brand":[],"product_cat":[168],"product_tag":[],"class_list":{"0":"post-16396","1":"product","2":"type-product","3":"status-publish","4":"has-post-thumbnail","6":"product_cat-luxeoil-me","7":"pa_size-200ml-me","9":"first","10":"instock","11":"shipping-taxable","12":"product-type-simple"},"_links":{"self":[{"href":"https:\/\/lookbyvioleta.me\/me\/wp-json\/wp\/v2\/product\/16396","targetHints":{"allow":["GET"]}}],"collection":[{"href":"https:\/\/lookbyvioleta.me\/me\/wp-json\/wp\/v2\/product"}],"about":[{"href":"https:\/\/lookbyvioleta.me\/me\/wp-json\/wp\/v2\/types\/product"}],"replies":[{"embeddable":true,"href":"https:\/\/lookbyvioleta.me\/me\/wp-json\/wp\/v2\/comments?post=16396"}],"wp:featuredmedia":[{"embeddable":true,"href":"https:\/\/lookbyvioleta.me\/me\/wp-json\/wp\/v2\/media\/16002"}],"wp:attachment":[{"href":"https:\/\/lookbyvioleta.me\/me\/wp-json\/wp\/v2\/media?parent=16396"}],"wp:term":[{"taxonomy":"product_brand","embeddable":true,"href":"https:\/\/lookbyvioleta.me\/me\/wp-json\/wp\/v2\/product_brand?post=16396"},{"taxonomy":"product_cat","embeddable":true,"href":"https:\/\/lookbyvioleta.me\/me\/wp-json\/wp\/v2\/product_cat?post=16396"},{"taxonomy":"product_tag","embeddable":true,"href":"https:\/\/lookbyvioleta.me\/me\/wp-json\/wp\/v2\/product_tag?post=16396"}],"curies":[{"name":"wp","href":"https:\/\/api.w.org\/{rel}","templated":true}]}}