{"id":16394,"date":"2023-03-22T16:07:17","date_gmt":"2023-03-22T16:07:17","guid":{"rendered":"http:\/\/violeta.electroinvest.me\/product\/luxeoil-keratin-conditioning-cream-200-ml\/"},"modified":"2023-03-22T16:07:17","modified_gmt":"2023-03-22T16:07:17","slug":"luxeoil-keratin-conditioning-cream-200-ml","status":"publish","type":"product","link":"https:\/\/lookbyvioleta.me\/me\/product\/luxeoil-keratin-conditioning-cream-200-ml\/","title":{"rendered":"LUXEOIL KERATIN CONDITIONING CREAM 200 ML"},"content":{"rendered":"<p>Za sve tipove kose. Dnevna rutina omek\u0161avanja za sve vrste kose. Za\u0161tita keratina i vlakana kose od stresa uzrokovanog oblikovanjem. Krema okru\u017euje kosu luksuznom kombinacijom arganovog, jojobinog i bademovog ulja za trenutno oboga\u0107ivanje. Sa LipidCode\u2122 Complexom.<\/p>\n<p><span data-sheets-value=\"{&quot;1&quot;:2,&quot;2&quot;:&quot;Aqua\/Water\/Eau, Stearyl Alcohol, Cetyl Alcohol, Stearamidopropyl Dimethylamine, Oleic Acid, Phenoxyethanol, Benzyl Alcohol, Parfum\/Fragrance, Bis-Aminopropyl Dimethicone, Dicetyldimonium Chloride, Glutamic Acid, Methylparaben, Propylparaben, Glyceryl Oleate, Caffeine, EDTA, Propylene Glycol, Histidine, Sodium Chloride, Amyl Cinnamal, Hexyl Cinnamal, Linalool, Argania Spinosa Kernel Oil, Prunus Amygdalus Dulcis (Sweet Almond) Oil, Simmondsia Chinensis (Jojoba) Seed Oil, Hydrolyzed Keratin, Yellow 5 (CI 19140), Red 33 (CI 17200), BHT, Lecithin, Ascorbyl Palmitate, Tocopherol, Sorbic Acid, Hydrogenated Palm Glycerides Citrate.&quot;}\" data-sheets-userformat=\"{&quot;2&quot;:12737,&quot;3&quot;:{&quot;1&quot;:0,&quot;3&quot;:1},&quot;9&quot;:1,&quot;10&quot;:1,&quot;11&quot;:4,&quot;15&quot;:&quot;Calibri&quot;,&quot;16&quot;:11}\">Aqua\/Water\/Eau, Stearyl Alcohol, Cetyl Alcohol, Stearamidopropyl Dimethylamine, Oleic Acid, Phenoxyethanol, Benzyl Alcohol, Parfum\/Fragrance, Bis-Aminopropyl Dimethicone, Dicetyldimonium Chloride, Glutamic Acid, Methylparaben, Propylparaben, Glyceryl Oleate, Caffeine, EDTA, Propylene Glycol, Histidine, Sodium Chloride, Amyl Cinnamal, Hexyl Cinnamal, Linalool, Argania Spinosa Kernel Oil, Prunus Amygdalus Dulcis (Sweet Almond) Oil, Simmondsia Chinensis (Jojoba) Seed Oil, Hydrolyzed Keratin, Yellow 5 (CI 19140), Red 33 (CI 17200), BHT, Lecithin, Ascorbyl Palmitate, Tocopherol, Sorbic Acid, Hydrogenated Palm Glycerides Citrate.<\/span><\/p>\n","protected":false},"excerpt":{"rendered":"<p>Za sve tipove kose. Dnevna rutina omek\u0161avanja za sve vrste kose. Za\u0161tita keratina i vlakana kose od stresa uzrokovanog oblikovanjem.<\/p>\n","protected":false},"featured_media":16010,"comment_status":"open","ping_status":"closed","template":"","meta":{"ngg_post_thumbnail":0},"product_brand":[],"product_cat":[168],"product_tag":[],"class_list":{"0":"post-16394","1":"product","2":"type-product","3":"status-publish","4":"has-post-thumbnail","6":"product_cat-luxeoil-me","7":"pa_size-200ml-me","9":"first","10":"instock","11":"shipping-taxable","12":"product-type-simple"},"_links":{"self":[{"href":"https:\/\/lookbyvioleta.me\/me\/wp-json\/wp\/v2\/product\/16394","targetHints":{"allow":["GET"]}}],"collection":[{"href":"https:\/\/lookbyvioleta.me\/me\/wp-json\/wp\/v2\/product"}],"about":[{"href":"https:\/\/lookbyvioleta.me\/me\/wp-json\/wp\/v2\/types\/product"}],"replies":[{"embeddable":true,"href":"https:\/\/lookbyvioleta.me\/me\/wp-json\/wp\/v2\/comments?post=16394"}],"wp:featuredmedia":[{"embeddable":true,"href":"https:\/\/lookbyvioleta.me\/me\/wp-json\/wp\/v2\/media\/16010"}],"wp:attachment":[{"href":"https:\/\/lookbyvioleta.me\/me\/wp-json\/wp\/v2\/media?parent=16394"}],"wp:term":[{"taxonomy":"product_brand","embeddable":true,"href":"https:\/\/lookbyvioleta.me\/me\/wp-json\/wp\/v2\/product_brand?post=16394"},{"taxonomy":"product_cat","embeddable":true,"href":"https:\/\/lookbyvioleta.me\/me\/wp-json\/wp\/v2\/product_cat?post=16394"},{"taxonomy":"product_tag","embeddable":true,"href":"https:\/\/lookbyvioleta.me\/me\/wp-json\/wp\/v2\/product_tag?post=16394"}],"curies":[{"name":"wp","href":"https:\/\/api.w.org\/{rel}","templated":true}]}}