{"id":16392,"date":"2023-03-22T16:08:45","date_gmt":"2023-03-22T16:08:45","guid":{"rendered":"http:\/\/violeta.electroinvest.me\/product\/luxeoil-keratin-protect-shampoo-250ml\/"},"modified":"2023-03-22T16:08:45","modified_gmt":"2023-03-22T16:08:45","slug":"luxeoil-keratin-protect-shampoo-250ml","status":"publish","type":"product","link":"https:\/\/lookbyvioleta.me\/me\/product\/luxeoil-keratin-protect-shampoo-250ml\/","title":{"rendered":"LUXEOIL KERATIN PROTECT  SHAMPOO 250ML"},"content":{"rendered":"<p>Za sve tipove kose. Dizajniran za upotrebu sa LuxeOil Reconstrucitve eliksirom bez optere\u0107enja kose. Pru\u017ea luksuzno \u010di\u0161\u0107enje, koje je temelj za sve System Professional tretmane. Nje\u017eno \u010disti i njeguje kosu kako bi se lak\u0161e ra\u0161\u010de\u0161ljala. Sa LipidCode\u2122 Complexom.<\/p>\n<p>&nbsp;<\/p>\n<p><span data-sheets-value=\"{&quot;1&quot;:2,&quot;2&quot;:&quot;Aqua\/Water\/Eau, Sodium Laureth Sulfate, Sodium Lauryl Sulfate, Sodium Chloride, Cocamidopropyl Betaine, Panthenol, Sodium Benzoate, Parfum\/Fragrance, Citric Acid, Glycerin, Hydroxypropyl Methylcellulose, Salicylic Acid, Tetrasodium EDTA, Caffeine, Methylparaben, Sodium Hydroxide, Histidine, Amyl Cinnamal, Hexyl Cinnamal, Linalool, Oleic Acid, Glyceryl Oleate, Hydrolyzed Keratin, Phenoxyethanol, BHT, Sorbic Acid, Sodium Citrate, Sodium Xylenesulfonate, Lecithin, Ascorbyl Palmitate, Tocopherol, Hydrogenated Palm Glycerides Citrate.&quot;}\" data-sheets-userformat=\"{&quot;2&quot;:12737,&quot;3&quot;:{&quot;1&quot;:0,&quot;3&quot;:1},&quot;9&quot;:1,&quot;10&quot;:1,&quot;11&quot;:4,&quot;15&quot;:&quot;Calibri&quot;,&quot;16&quot;:11}\">Aqua\/Water\/Eau, Sodium Laureth Sulfate, Sodium Lauryl Sulfate, Sodium Chloride, Cocamidopropyl Betaine, Panthenol, Sodium Benzoate, Parfum\/Fragrance, Citric Acid, Glycerin, Hydroxypropyl Methylcellulose, Salicylic Acid, Tetrasodium EDTA, Caffeine, Methylparaben, Sodium Hydroxide, Histidine, Amyl Cinnamal, Hexyl Cinnamal, Linalool, Oleic Acid, Glyceryl Oleate, Hydrolyzed Keratin, Phenoxyethanol, BHT, Sorbic Acid, Sodium Citrate, Sodium Xylenesulfonate, Lecithin, Ascorbyl Palmitate, Tocopherol, Hydrogenated Palm Glycerides Citrate.<\/span><\/p>\n","protected":false},"excerpt":{"rendered":"<p>Za sve tipove kose. Dizajniran za upotrebu sa LuxeOil Reconstrucitve eliksirom bez optere\u0107enja kose. Pru\u017ea luksuzno \u010di\u0161\u0107enje, koje je temelj za sve System Professional tretmane. Nje\u017eno \u010disti i njeguje kosu kako bi se lak\u0161e ra\u0161\u010de\u0161ljala. Sa LipidCode\u2122 Complexom.<\/p>\n","protected":false},"featured_media":16011,"comment_status":"open","ping_status":"closed","template":"","meta":{"ngg_post_thumbnail":0},"product_brand":[],"product_cat":[168],"product_tag":[],"class_list":{"0":"post-16392","1":"product","2":"type-product","3":"status-publish","4":"has-post-thumbnail","6":"product_cat-luxeoil-me","7":"pa_size-250ml-me","9":"first","10":"instock","11":"shipping-taxable","12":"product-type-simple"},"_links":{"self":[{"href":"https:\/\/lookbyvioleta.me\/me\/wp-json\/wp\/v2\/product\/16392","targetHints":{"allow":["GET"]}}],"collection":[{"href":"https:\/\/lookbyvioleta.me\/me\/wp-json\/wp\/v2\/product"}],"about":[{"href":"https:\/\/lookbyvioleta.me\/me\/wp-json\/wp\/v2\/types\/product"}],"replies":[{"embeddable":true,"href":"https:\/\/lookbyvioleta.me\/me\/wp-json\/wp\/v2\/comments?post=16392"}],"wp:featuredmedia":[{"embeddable":true,"href":"https:\/\/lookbyvioleta.me\/me\/wp-json\/wp\/v2\/media\/16011"}],"wp:attachment":[{"href":"https:\/\/lookbyvioleta.me\/me\/wp-json\/wp\/v2\/media?parent=16392"}],"wp:term":[{"taxonomy":"product_brand","embeddable":true,"href":"https:\/\/lookbyvioleta.me\/me\/wp-json\/wp\/v2\/product_brand?post=16392"},{"taxonomy":"product_cat","embeddable":true,"href":"https:\/\/lookbyvioleta.me\/me\/wp-json\/wp\/v2\/product_cat?post=16392"},{"taxonomy":"product_tag","embeddable":true,"href":"https:\/\/lookbyvioleta.me\/me\/wp-json\/wp\/v2\/product_tag?post=16392"}],"curies":[{"name":"wp","href":"https:\/\/api.w.org\/{rel}","templated":true}]}}