{"id":16390,"date":"2023-03-22T16:10:25","date_gmt":"2023-03-22T16:10:25","guid":{"rendered":"http:\/\/violeta.electroinvest.me\/product\/luxeoil-reconstructive-elixir-100-ml\/"},"modified":"2023-03-22T16:10:25","modified_gmt":"2023-03-22T16:10:25","slug":"luxeoil-reconstructive-elixir-100-ml","status":"publish","type":"product","link":"https:\/\/lookbyvioleta.me\/me\/product\/luxeoil-reconstructive-elixir-100-ml\/","title":{"rendered":"LUXEOIL RECONSTRUCTIVE ELIXIR 100 ML"},"content":{"rendered":"<p>Za sve tipove kose, pogodan i za tanku kosu. Uranja u strukturu dlake i mijenja je iznutra prema spolja &#8211; sa rezultatom koji se odmah vidi. Poma\u017ee u za\u0161titi keratina za neposrednu laganu meko\u0107u i visoki sjaj. Ovo bogato ulje osigurava dugotrajnu glatko\u0107u, olak\u0161ava \u010de\u0161ljanje kose i \u0161titi keratin od mehani\u010dkih optere\u0107enja. Arganovo, jojobino i bademovo ulje njeguju i oboga\u0107uju kosu.<\/p>\n<p>&nbsp;<\/p>\n<p>Cyclopentasiloxane, Dimethiconol, Alcohol Denat., Parfum, Tocopheryl Acetate, Amyl Cinnamal, Hexyl Cinnamal, Linalool, Argania Spinosa Kernel Oil, Geraniol, Aqua, Simmondsia Chinensis Seed Oil, Prunus Amygdalus Dulcis Oil, Camellia Oleifera Seed Oil, Limonene<\/p>\n","protected":false},"excerpt":{"rendered":"<p>Za sve tipove kose, pogodan i za tanku kosu. Uranja u strukturu dlake i mijenja je iznutra prema spolja &#8211; sa rezultatom koji se odmah vidi. Poma\u017ee u za\u0161titi keratina za neposrednu laganu meko\u0107u i visoki sjaj.<\/p>\n","protected":false},"featured_media":16012,"comment_status":"open","ping_status":"closed","template":"","meta":{"ngg_post_thumbnail":0},"product_brand":[],"product_cat":[168],"product_tag":[],"class_list":{"0":"post-16390","1":"product","2":"type-product","3":"status-publish","4":"has-post-thumbnail","6":"product_cat-luxeoil-me","7":"pa_size-100ml-me","9":"first","10":"instock","11":"shipping-taxable","12":"product-type-simple"},"_links":{"self":[{"href":"https:\/\/lookbyvioleta.me\/me\/wp-json\/wp\/v2\/product\/16390","targetHints":{"allow":["GET"]}}],"collection":[{"href":"https:\/\/lookbyvioleta.me\/me\/wp-json\/wp\/v2\/product"}],"about":[{"href":"https:\/\/lookbyvioleta.me\/me\/wp-json\/wp\/v2\/types\/product"}],"replies":[{"embeddable":true,"href":"https:\/\/lookbyvioleta.me\/me\/wp-json\/wp\/v2\/comments?post=16390"}],"wp:featuredmedia":[{"embeddable":true,"href":"https:\/\/lookbyvioleta.me\/me\/wp-json\/wp\/v2\/media\/16012"}],"wp:attachment":[{"href":"https:\/\/lookbyvioleta.me\/me\/wp-json\/wp\/v2\/media?parent=16390"}],"wp:term":[{"taxonomy":"product_brand","embeddable":true,"href":"https:\/\/lookbyvioleta.me\/me\/wp-json\/wp\/v2\/product_brand?post=16390"},{"taxonomy":"product_cat","embeddable":true,"href":"https:\/\/lookbyvioleta.me\/me\/wp-json\/wp\/v2\/product_cat?post=16390"},{"taxonomy":"product_tag","embeddable":true,"href":"https:\/\/lookbyvioleta.me\/me\/wp-json\/wp\/v2\/product_tag?post=16390"}],"curies":[{"name":"wp","href":"https:\/\/api.w.org\/{rel}","templated":true}]}}