{"id":16384,"date":"2023-03-22T16:21:17","date_gmt":"2023-03-22T16:21:17","guid":{"rendered":"http:\/\/violeta.electroinvest.me\/product\/repair-conditioner-200ml\/"},"modified":"2023-03-22T16:21:17","modified_gmt":"2023-03-22T16:21:17","slug":"repair-conditioner-200ml","status":"publish","type":"product","link":"https:\/\/lookbyvioleta.me\/me\/product\/repair-conditioner-200ml\/","title":{"rendered":"REPAIR CONDITIONER 200ML"},"content":{"rendered":"<p>Za o\u0161tec\u0301enu, slabu i krhku kosu koju je te\u0161ko o\u010de\u0161ljati kada je mokra. Za klijente koji tra\u017ee brzu, efikasnu njegu.Bogata krema za njegu koja u samo 30 sekundi efikasno poma\u017ee vratiti meko\u0107u i snagu. Sa LipidCode\u2122TM Complexom.<\/p>\n<p>Aqua\/Water\/Eau, Cetyl Alcohol, Stearamidopropyl Dimethylamine, Oleic Acid, Parfum\/Fragrance, Stearyl Alcohol, Quaternium-18, Phenoxyethanol, Benzyl Alcohol, Cetearyl Alcohol, Hydroxypropyl Guar, Bis-Aminopropyl Dimethicone, Glyceryl Stearate SE, Oleyl Alcohol, Methylparaben, Propylparaben, Polysorbate 60, Glyceryl Oleate, Caffeine, EDTA, Benzyl Salicylate, Citric Acid, Hexyl Cinnamal, Histidine, Limonene, Hydrolyzed Keratin, Lecithin, Ascorbyl Palmitate, Tocopherol, Sorbic Acid, Hydrogenated Palm Glycerides Citrate.<\/p>\n","protected":false},"excerpt":{"rendered":"<p>Za o\u0161tec\u0301enu, slabu i krhku kosu koju je te\u0161ko o\u010de\u0161ljati kada je mokra. Za klijente koji tra\u017ee brzu, efikasnu njegu.Bogata krema za njegu koja u samo 30 sekundi efikasno poma\u017ee vratiti meko\u0107u i snagu. Sa LipidCode\u2122TM Complexom.<\/p>\n","protected":false},"featured_media":16015,"comment_status":"open","ping_status":"closed","template":"","meta":{"ngg_post_thumbnail":0},"product_brand":[],"product_cat":[171],"product_tag":[],"class_list":{"0":"post-16384","1":"product","2":"type-product","3":"status-publish","4":"has-post-thumbnail","6":"product_cat-repair-me","7":"pa_size-200ml-me","9":"first","10":"instock","11":"shipping-taxable","12":"product-type-simple"},"_links":{"self":[{"href":"https:\/\/lookbyvioleta.me\/me\/wp-json\/wp\/v2\/product\/16384","targetHints":{"allow":["GET"]}}],"collection":[{"href":"https:\/\/lookbyvioleta.me\/me\/wp-json\/wp\/v2\/product"}],"about":[{"href":"https:\/\/lookbyvioleta.me\/me\/wp-json\/wp\/v2\/types\/product"}],"replies":[{"embeddable":true,"href":"https:\/\/lookbyvioleta.me\/me\/wp-json\/wp\/v2\/comments?post=16384"}],"wp:featuredmedia":[{"embeddable":true,"href":"https:\/\/lookbyvioleta.me\/me\/wp-json\/wp\/v2\/media\/16015"}],"wp:attachment":[{"href":"https:\/\/lookbyvioleta.me\/me\/wp-json\/wp\/v2\/media?parent=16384"}],"wp:term":[{"taxonomy":"product_brand","embeddable":true,"href":"https:\/\/lookbyvioleta.me\/me\/wp-json\/wp\/v2\/product_brand?post=16384"},{"taxonomy":"product_cat","embeddable":true,"href":"https:\/\/lookbyvioleta.me\/me\/wp-json\/wp\/v2\/product_cat?post=16384"},{"taxonomy":"product_tag","embeddable":true,"href":"https:\/\/lookbyvioleta.me\/me\/wp-json\/wp\/v2\/product_tag?post=16384"}],"curies":[{"name":"wp","href":"https:\/\/api.w.org\/{rel}","templated":true}]}}