{"id":16382,"date":"2023-03-22T16:25:08","date_gmt":"2023-03-22T16:25:08","guid":{"rendered":"http:\/\/violeta.electroinvest.me\/product\/repair-mask-200-ml\/"},"modified":"2023-03-22T16:25:08","modified_gmt":"2023-03-22T16:25:08","slug":"repair-mask-200-ml","status":"publish","type":"product","link":"https:\/\/lookbyvioleta.me\/me\/product\/repair-mask-200-ml\/","title":{"rendered":"REPAIR MASK 200 ML"},"content":{"rendered":"<p>Za klijente sa o\u0161tec\u0301enom, krhkom i osjetljivom kosom. Pogodno za izbijeljene i hemijski tretirane kose. Maska koja intenzivno njeguje o\u0161te\u0107enu kosu i \u0161titi vlakna kose. Aktivni sastojci smanjuju lomljenje, ja\u010daju i dubinski obnavljaju kosu nakon jedne primjene. O\u0161te\u0107ena kosa postaje gla\u0111a i upravljivija, sprje\u010davaju\u0107i dalja mehani\u010dka o\u0161te\u0107enja. Sa LipidCode\u2122 Complexom.<\/p>\n<p>&nbsp;<\/p>\n<p><span data-sheets-value=\"{&quot;1&quot;:2,&quot;2&quot;:&quot;Aqua\/Water\/Eau, Stearyl Alcohol, Cetyl Alcohol, Behenamidopropyl Dimethylamine, Parfum\/Fragrance, Bis-Aminopropyl Dimethicone, Glutamic Acid, Oleic Acid, Phenoxyethanol, Benzyl Alcohol, Glyceryl Oleate, Methylparaben, Propylparaben, Caffeine, EDTA, Benzyl Salicylate, Hexyl Cinnamal, Citric Acid, Histidine, Sodium Chloride, Limonene, Hydrolyzed Keratin, Lecithin, Ascorbyl Palmitate, Tocopherol, Hydrogenated Palm Glycerides Citrate, Sorbic Acid.&quot;}\" data-sheets-userformat=\"{&quot;2&quot;:12737,&quot;3&quot;:{&quot;1&quot;:0,&quot;3&quot;:1},&quot;9&quot;:1,&quot;10&quot;:1,&quot;11&quot;:4,&quot;15&quot;:&quot;Calibri&quot;,&quot;16&quot;:11}\">Aqua\/Water\/Eau, Stearyl Alcohol, Cetyl Alcohol, Behenamidopropyl Dimethylamine, Parfum\/Fragrance, Bis-Aminopropyl Dimethicone, Glutamic Acid, Oleic Acid, Phenoxyethanol, Benzyl Alcohol, Glyceryl Oleate, Methylparaben, Propylparaben, Caffeine, EDTA, Benzyl Salicylate, Hexyl Cinnamal, Citric Acid, Histidine, Sodium Chloride, Limonene, Hydrolyzed Keratin, Lecithin, Ascorbyl Palmitate, Tocopherol, Hydrogenated Palm Glycerides Citrate, Sorbic Acid.<\/span><\/p>\n","protected":false},"excerpt":{"rendered":"<p>Za klijente sa o\u0161tec\u0301enom, krhkom i osjetljivom kosom. Pogodno za izbijeljene i hemijski tretirane kose. Maska koja intenzivno njeguje o\u0161te\u0107enu kosu i \u0161titi vlakna kose. Aktivni sastojci smanjuju lomljenje, ja\u010daju i dubinski obnavljaju kosu nakon jedne primjene.<\/p>\n","protected":false},"featured_media":16016,"comment_status":"open","ping_status":"closed","template":"","meta":{"ngg_post_thumbnail":0},"product_brand":[],"product_cat":[171],"product_tag":[],"class_list":{"0":"post-16382","1":"product","2":"type-product","3":"status-publish","4":"has-post-thumbnail","6":"product_cat-repair-me","7":"pa_size-200ml-me","9":"first","10":"instock","11":"shipping-taxable","12":"product-type-simple"},"_links":{"self":[{"href":"https:\/\/lookbyvioleta.me\/me\/wp-json\/wp\/v2\/product\/16382","targetHints":{"allow":["GET"]}}],"collection":[{"href":"https:\/\/lookbyvioleta.me\/me\/wp-json\/wp\/v2\/product"}],"about":[{"href":"https:\/\/lookbyvioleta.me\/me\/wp-json\/wp\/v2\/types\/product"}],"replies":[{"embeddable":true,"href":"https:\/\/lookbyvioleta.me\/me\/wp-json\/wp\/v2\/comments?post=16382"}],"wp:featuredmedia":[{"embeddable":true,"href":"https:\/\/lookbyvioleta.me\/me\/wp-json\/wp\/v2\/media\/16016"}],"wp:attachment":[{"href":"https:\/\/lookbyvioleta.me\/me\/wp-json\/wp\/v2\/media?parent=16382"}],"wp:term":[{"taxonomy":"product_brand","embeddable":true,"href":"https:\/\/lookbyvioleta.me\/me\/wp-json\/wp\/v2\/product_brand?post=16382"},{"taxonomy":"product_cat","embeddable":true,"href":"https:\/\/lookbyvioleta.me\/me\/wp-json\/wp\/v2\/product_cat?post=16382"},{"taxonomy":"product_tag","embeddable":true,"href":"https:\/\/lookbyvioleta.me\/me\/wp-json\/wp\/v2\/product_tag?post=16382"}],"curies":[{"name":"wp","href":"https:\/\/api.w.org\/{rel}","templated":true}]}}