{"id":16380,"date":"2023-03-22T16:27:52","date_gmt":"2023-03-22T16:27:52","guid":{"rendered":"http:\/\/violeta.electroinvest.me\/product\/smoothen-conditioner-200-ml\/"},"modified":"2023-03-22T16:27:52","modified_gmt":"2023-03-22T16:27:52","slug":"smoothen-conditioner-200-ml","status":"publish","type":"product","link":"https:\/\/lookbyvioleta.me\/me\/product\/smoothen-conditioner-200-ml\/","title":{"rendered":"SMOOTHEN CONDITIONER 200 ML"},"content":{"rendered":"<p>Za klijente sa buntovnom, grubom kosom koji tra\u017ee anti-frizz efekat. Idealno za kovrd\u017eavu kosu kojoj je potrebna kontrola i svakodnevna pomoc\u0301 u ra\u0161\u010de\u0161ljavanju. Dnevna krema za ra\u0161\u010de\u0161ljavanje koja intenzivno hrani kosu i \u010dini je bar\u0161unasto mekom i glatkom. Smiruje zamr\u0161enost kose. Sa LipidCode\u2122 Complexom.<\/p>\n<p>&nbsp;<\/p>\n<p><span data-sheets-value=\"{&quot;1&quot;:2,&quot;2&quot;:&quot;Aqua\/Water\/Eau, Cetyl Alcohol, Persea Gratissima (Avocado) Oil, Stearamidopropyl Dimethylamine, Oleic Acid, Parfum\/ Fragrance, Stearyl Alcohol, Quaternium-18, Panthenol, Benzyl Alcohol, Phenoxyethanol, Cetearyl Alcohol, Hydroxypropyl Guar, Bis-Aminopropyl Dimethicone, Glyceryl Stearate SE, Oleyl Alcohol, Methylparaben, Propylparaben, Polysorbate 60, Glyceryl Oleate, Caffeine, EDTA, Benzyl Salicylate, Citric Acid, Hexyl Cinnamal, Histidine, Linalool, Limonene, Geraniol, Hydrolyzed Keratin, Yellow 5 (CI 19140), Lecithin, Red 33 (CI 17200), Ascorbyl Palmitate, Tocopherol, Sorbic Acid, Hydrogenated Palm Glycerides Citrate.&quot;}\" data-sheets-userformat=\"{&quot;2&quot;:12737,&quot;3&quot;:{&quot;1&quot;:0,&quot;3&quot;:1},&quot;9&quot;:1,&quot;10&quot;:1,&quot;11&quot;:4,&quot;15&quot;:&quot;Calibri&quot;,&quot;16&quot;:11}\">Aqua\/Water\/Eau, Cetyl Alcohol, Persea Gratissima (Avocado) Oil, Stearamidopropyl Dimethylamine, Oleic Acid, Parfum\/ Fragrance, Stearyl Alcohol, Quaternium-18, Panthenol, Benzyl Alcohol, Phenoxyethanol, Cetearyl Alcohol, Hydroxypropyl Guar, Bis-Aminopropyl Dimethicone, Glyceryl Stearate SE, Oleyl Alcohol, Methylparaben, Propylparaben, Polysorbate 60, Glyceryl Oleate, Caffeine, EDTA, Benzyl Salicylate, Citric Acid, Hexyl Cinnamal, Histidine, Linalool, Limonene, Geraniol, Hydrolyzed Keratin, Yellow 5 (CI 19140), Lecithin, Red 33 (CI 17200), Ascorbyl Palmitate, Tocopherol, Sorbic Acid, Hydrogenated Palm Glycerides Citrate.<\/span><\/p>\n","protected":false},"excerpt":{"rendered":"<p>Za klijente sa buntovnom, grubom kosom koji tra\u017ee anti-frizz efekat. Idealno za kovrd\u017eavu kosu kojoj je potrebna kontrola i svakodnevna pomoc\u0301 u ra\u0161\u010de\u0161ljavanju. Dnevna krema za ra\u0161\u010de\u0161ljavanje koja intenzivno hrani kosu i \u010dini je bar\u0161unasto mekom i glatkom. Smiruje zamr\u0161enost kose. Sa LipidCode\u2122 Complexom.<\/p>\n","protected":false},"featured_media":16017,"comment_status":"open","ping_status":"closed","template":"","meta":{"ngg_post_thumbnail":0},"product_brand":[],"product_cat":[173],"product_tag":[],"class_list":{"0":"post-16380","1":"product","2":"type-product","3":"status-publish","4":"has-post-thumbnail","6":"product_cat-smoothen-me","7":"pa_size-200ml-me","9":"first","10":"instock","11":"shipping-taxable","12":"product-type-simple"},"_links":{"self":[{"href":"https:\/\/lookbyvioleta.me\/me\/wp-json\/wp\/v2\/product\/16380","targetHints":{"allow":["GET"]}}],"collection":[{"href":"https:\/\/lookbyvioleta.me\/me\/wp-json\/wp\/v2\/product"}],"about":[{"href":"https:\/\/lookbyvioleta.me\/me\/wp-json\/wp\/v2\/types\/product"}],"replies":[{"embeddable":true,"href":"https:\/\/lookbyvioleta.me\/me\/wp-json\/wp\/v2\/comments?post=16380"}],"wp:featuredmedia":[{"embeddable":true,"href":"https:\/\/lookbyvioleta.me\/me\/wp-json\/wp\/v2\/media\/16017"}],"wp:attachment":[{"href":"https:\/\/lookbyvioleta.me\/me\/wp-json\/wp\/v2\/media?parent=16380"}],"wp:term":[{"taxonomy":"product_brand","embeddable":true,"href":"https:\/\/lookbyvioleta.me\/me\/wp-json\/wp\/v2\/product_brand?post=16380"},{"taxonomy":"product_cat","embeddable":true,"href":"https:\/\/lookbyvioleta.me\/me\/wp-json\/wp\/v2\/product_cat?post=16380"},{"taxonomy":"product_tag","embeddable":true,"href":"https:\/\/lookbyvioleta.me\/me\/wp-json\/wp\/v2\/product_tag?post=16380"}],"curies":[{"name":"wp","href":"https:\/\/api.w.org\/{rel}","templated":true}]}}