{"id":16376,"date":"2023-03-22T16:30:59","date_gmt":"2023-03-22T16:30:59","guid":{"rendered":"http:\/\/violeta.electroinvest.me\/product\/smoothen-shampoo-250ml\/"},"modified":"2023-03-22T16:30:59","modified_gmt":"2023-03-22T16:30:59","slug":"smoothen-shampoo-250ml","status":"publish","type":"product","link":"https:\/\/lookbyvioleta.me\/me\/product\/smoothen-shampoo-250ml\/","title":{"rendered":"SMOOTHEN SHAMPOO 250ML"},"content":{"rendered":"<p>Za klijente sa grubom kosom koju je te\u0161ko ukrotiti. Tako\u0111e za kovrd\u017eavu kosu kojoj je potrebna kontrola i elasti\u010dnost i kosu koja reaguje na visoku vla\u017enost. Nje\u017eno, luksuzno \u010di\u0161\u0107enje, kontrola i glatko\u0107a za mekanu i podatnu kosu. Neurednu kosu \u010dini neposredno mekom, upravljivom i lakom za ra\u0161\u010de\u0161ljavanje. Sa LipidCode\u2122 Complexom<\/p>\n<p>&nbsp;<\/p>\n<p><span data-sheets-value=\"{&quot;1&quot;:2,&quot;2&quot;:&quot;Aqua\/Water\/Eau, Sodium Laureth Sulfate, Sodium Lauryl Sulfate, Dimethicone, Glycol Distearate, Cocamide MEA, Cocamidopropyl Betaine, Parfum\/Fragrance, Sodium Benzoate, Guar Hydroxypropyltrimonium Chloride, Sodium Chloride, Salicylic Acid, Citric Acid, Glycerin, Tetrasodium EDTA, Caffeine, Methylparaben, Persea Gratissima (Avocado) Oil, Benzyl Salicylate, Sodium Hydroxide, Hexyl Cinnamal, Histidine, Caramel, Linalool, Limonene, Oleic Acid, Glyceryl Oleate, Hydrolyzed Keratin, Magnesium Nitrate, Phenoxyethanol, Yellow 5 (CI 19140), Methylchloroisothiazolinone, Sorbic Acid, Magnesium Chloride, Sodium Citrate, Methylisothiazolinone, Sodium Xylenesulfonate, Lecithin, Ascorbyl Palmitate, Tocopherol, Hydrogenated Palm Glycerides Citrate.&quot;}\" data-sheets-userformat=\"{&quot;2&quot;:12737,&quot;3&quot;:{&quot;1&quot;:0,&quot;3&quot;:1},&quot;9&quot;:1,&quot;10&quot;:1,&quot;11&quot;:4,&quot;15&quot;:&quot;Calibri&quot;,&quot;16&quot;:11}\">Aqua\/Water\/Eau, Sodium Laureth Sulfate, Sodium Lauryl Sulfate, Dimethicone, Glycol Distearate, Cocamide MEA, Cocamidopropyl Betaine, Parfum\/Fragrance, Sodium Benzoate, Guar Hydroxypropyltrimonium Chloride, Sodium Chloride, Salicylic Acid, Citric Acid, Glycerin, Tetrasodium EDTA, Caffeine, Methylparaben, Persea Gratissima (Avocado) Oil, Benzyl Salicylate, Sodium Hydroxide, Hexyl Cinnamal, Histidine, Caramel, Linalool, Limonene, Oleic Acid, Glyceryl Oleate, Hydrolyzed Keratin, Magnesium Nitrate, Phenoxyethanol, Yellow 5 (CI 19140), Methylchloroisothiazolinone, Sorbic Acid, Magnesium Chloride, Sodium Citrate, Methylisothiazolinone, Sodium Xylenesulfonate, Lecithin, Ascorbyl Palmitate, Tocopherol, Hydrogenated Palm Glycerides Citrate.<\/span><\/p>\n","protected":false},"excerpt":{"rendered":"<p>Za klijente sa grubom kosom koju je te\u0161ko ukrotiti. Tako\u0111e za kovrd\u017eavu kosu kojoj je potrebna kontrola i elasti\u010dnost i kosu koja reaguje na visoku vla\u017enost. Nje\u017eno, luksuzno \u010di\u0161\u0107enje, kontrola i glatko\u0107a za mekanu i podatnu kosu. Neurednu kosu \u010dini neposredno mekom, upravljivom i lakom za ra\u0161\u010de\u0161ljavanje. Sa LipidCode\u2122 Complexom<\/p>\n","protected":false},"featured_media":16019,"comment_status":"open","ping_status":"closed","template":"","meta":{"ngg_post_thumbnail":0},"product_brand":[],"product_cat":[173],"product_tag":[],"class_list":{"0":"post-16376","1":"product","2":"type-product","3":"status-publish","4":"has-post-thumbnail","6":"product_cat-smoothen-me","7":"pa_size-250ml-me","9":"first","10":"instock","11":"shipping-taxable","12":"product-type-simple"},"_links":{"self":[{"href":"https:\/\/lookbyvioleta.me\/me\/wp-json\/wp\/v2\/product\/16376","targetHints":{"allow":["GET"]}}],"collection":[{"href":"https:\/\/lookbyvioleta.me\/me\/wp-json\/wp\/v2\/product"}],"about":[{"href":"https:\/\/lookbyvioleta.me\/me\/wp-json\/wp\/v2\/types\/product"}],"replies":[{"embeddable":true,"href":"https:\/\/lookbyvioleta.me\/me\/wp-json\/wp\/v2\/comments?post=16376"}],"wp:featuredmedia":[{"embeddable":true,"href":"https:\/\/lookbyvioleta.me\/me\/wp-json\/wp\/v2\/media\/16019"}],"wp:attachment":[{"href":"https:\/\/lookbyvioleta.me\/me\/wp-json\/wp\/v2\/media?parent=16376"}],"wp:term":[{"taxonomy":"product_brand","embeddable":true,"href":"https:\/\/lookbyvioleta.me\/me\/wp-json\/wp\/v2\/product_brand?post=16376"},{"taxonomy":"product_cat","embeddable":true,"href":"https:\/\/lookbyvioleta.me\/me\/wp-json\/wp\/v2\/product_cat?post=16376"},{"taxonomy":"product_tag","embeddable":true,"href":"https:\/\/lookbyvioleta.me\/me\/wp-json\/wp\/v2\/product_tag?post=16376"}],"curies":[{"name":"wp","href":"https:\/\/api.w.org\/{rel}","templated":true}]}}